{"id":1505,"date":"2020-11-19T09:15:51","date_gmt":"2020-11-19T08:15:51","guid":{"rendered":"https:\/\/eduxedu.focolare.org\/?page_id=1505"},"modified":"2020-11-19T09:15:51","modified_gmt":"2020-11-19T08:15:51","slug":"note-legali","status":"publish","type":"page","link":"https:\/\/eduxedu.focolare.org\/pt-br\/note-legali\/","title":{"rendered":"Note Legali"},"content":{"rendered":"<h1>Note legali per l\u2019accesso e l\u2019uso dell\u2019area riservata EDUXEDU<\/h1>\n<p>Ti preghiamo di leggere attentamente le seguenti condizioni d\u2019uso poich\u00e9 riguardano chiunque acceda all\u2019area riservata. Se decidi di utilizzare l\u2019area riservata acconsenti a rispettare quanto di seguito indicato.<br \/>\nIl servizio mette a disposizione materiali di formazione in formato elettronico (di seguito per brevit\u00e0 il &#8220;Servizio&#8221;) predisposto da EDUXEDU Educarsi per Educare, programma di formazione per educatori che prende ispirazione dal Carisma dell\u2019unit\u00e0 di Chiara Lubich.<\/p>\n<p>Il Servizio consente di accedere e consultare in modo agevole ed efficace i materiali in formato elettronico predisposti da incaricati di EDUXEDU nell&#8217;ambito dei propri corsi.<\/p>\n<h2>Informazioni e responsabilit\u00e0<\/h2>\n<p>E\u2019 proprietario e responsabile del progetto EDUXEDU l\u2019Associazione Internazionale New Humanity ETS, con sede in via Piave n.15, Grottaferrata (RM) nel seguito anche New Humanity,<\/p>\n<h2>Profili legati al rispetto del diritto d&#8217;autore<\/h2>\n<p>EDUXEDU \u00e8 un progetto per la formazione che produce opere dell\u2019ingegno a carattere creativo tutelate da diritto d\u2019autore e diritti connessi.<br \/>\nI materiali consultabili attraverso il Servizio sono tutelati, laddove ne ricorrano i presupposti, dalla normativa sul diritto d&#8217;autore e responsabile del singolo materiale \u00e8 il docente che ha provveduto al suo inserimento e messa a disposizione attraverso il Servizio.<br \/>\nNew Humanity si riserva la facolt\u00e0 di rimuove o di inibire l&#8217;accesso in via precauzionale a quei materiali in relazione ai quali insorga una controversia in relazione alla titolarit\u00e0 dei diritti d&#8217;autore o di cui sia contestato il legittimo utilizzo da parte di terzi.<br \/>\nLe informazioni contenute nell\u2019area riservata hanno scopo formativo e New Humanity compie ogni sforzo per fornire informazioni precise ed aggiornate ma non assume la responsabilit\u00e0 n\u00e9 assicura la completezza delle notizie in esso contenute. New Humanity si riserva di modificare le informazioni ivi contenute in qualsiasi momento e senza alcun preavviso.<br \/>\nIl mancato rispetto della normativa sul diritto d\u2019autore, compreso sul diritto di utilizzazione del marchio EDUXEDU e di riproduzione e di diffusione in tutti i modi e in tutte le lingue di tutte le opere realizzate nell\u2019ambito dell\u2019offerta formativa EDUXEDU, pu\u00f2 comportare sanzioni penali ed economiche ai responsabili delle violazioni.<\/p>\n<h2>Destinatari del Servizio.<\/h2>\n<p>Il Servizio \u00e8 destinato a tutti gli utenti che ne abbiano fatto richiesta iscrivendosi all\u2019area riservata dopo aver compilato un apposito modulo. New Humanity non \u00e8 responsabile per eventuali danni diretti o indiretti derivanti dall\u2019accesso nell\u2019area riservata.<br \/>\nL\u2019utente \u00e8 da ritenersi l\u2019unico responsabile per i dati e le informazioni da lui immesse, per le opinioni espresse nelle aree di discussione sia pubbliche che private, e per tutte le azioni che in qualsiasi modo prevedano un\u2019interazione con gli altri utenti o attraverso le piattaforme WordPress e a Moddle.<\/p>\n<h2>Possibilit\u00e0 di utilizzo dei materiali.<\/h2>\n<p>I soggetti che potranno visionare il singolo materiale caricato attraverso il Servizio saranno autorizzati:<br \/>\n&#8211; a consultarlo liberamente, effettuarne copia in via permanente in formato digitale (c.d. download), stamparlo su carta, per fini strettamente ed esclusivamente personali di studio e\/o di ricerca, con espresso divieto di qualunque utilizzo direttamente o indirettamente commerciale; ogni altro diritto sul materiale \u00e8 riservato; in particolare, non ne \u00e8 consentita la ritrasmissione via rete telematica, la distribuzione o l&#8217;invio in qualunque forma, compresa quella con indirizzamento personale per via telematica (e-mail); \u00e8 invece consentito, sempre per i medesimi fini sopra citati, il collegamento da parte di altri siti web attraverso collegamenti ipertestuali (c.d. link) alla pagina del sito EDUXEDU ove \u00e8 presente il materiale, purch\u00e9 effettuati da soggetti che operino per finalit\u00e0 non commerciali (nemmeno indirettamente) e con modalit\u00e0 tali da non ingenerare dubbi sulla paternit\u00e0 e l&#8217;origine dei contenuti; collegamenti ipertestuali effettuati con tecniche volte ad impedire il riconoscimento della (o a mascherare la) paternit\u00e0 dei contenuti (c.d. framing) sono espressamente vietati.<br \/>\nNew Humanity potr\u00e0 inserire, a sua discrezione, direttamente nel singolo materiale un&#8217;autorizzazione ad un uso del tutto libero o comunque pi\u00f9 ampio di quello sopra descritto del materiale stesso.<\/p>\n<h2>Trattamento dei dati personali<\/h2>\n<p>I dati personali dell&#8217;utente del Servizio saranno trattati dal Titolare New Humanity, con sede in Grottaferrata (RM), Via Piave n. 15, in via prevalentemente automatizzata, esclusivamente per dare esecuzione alla richiesta di iscrizione all\u2019area riservata e al relativo Servizio.<br \/>\nNell&#8217;ambito della procedura prevista dal Servizio saranno registrare le informazioni e i dati relativi alla navigazione dell&#8217;utente al fine di consentire l&#8217;identificazione e documentare l&#8217;accesso al materiale, a tutela di un legittimo interesse del docente, del Titolare o di un terzo attraverso la disponibilit\u00e0 di adeguati mezzi di prova, nonch\u00e9 in forma anonima per l&#8217;elaborazione di statistiche di accesso e utilizzo del Servizio.<br \/>\nIl conferimento dei dati \u00e8 facoltativo, cio\u00e8 non discende da un obbligo normativo, ma \u00e8 obbligatorio al fine di accedere al Servizio e il mancato conferimento non consentir\u00e0 di accedere al Servizio. I dati personali saranno trattati dal Titolare, e non saranno n\u00e9 comunicati n\u00e9 diffusi.<br \/>\nI dati personali raccolti e trattati verranno conservati dal Titolare per il periodo necessario per l\u2019erogazione del servizio ed in ogni caso per il tempo necessario all\u2019esecuzione di eventuali adempimenti previsti da norme di legge o regolamento.<br \/>\nL&#8217;utente del Servizio, in qualit\u00e0 di Interessato, gode dei diritti di cui al Regolamento UE n. 2016\/679 (GDPR) e ulteriori normative vigenti. In conformit\u00e0 alle disposizioni del GDPR ha diritto in particolare:<\/p>\n<p>a) ad ottenere in qualsiasi momento la conferma dell&#8217;esistenza o meno di un trattamento di dati personali che lo riguardano e, in caso affermativo, di conseguire l\u2019accesso ai dati personali nonch\u00e9 alle informazioni sulle categorie dei dati personali trattati, sui destinatari o le categorie di destinatari a cui i dati personali sono o saranno comunicati;<br \/>\nb) a chiedere la rettifica dei dati personali inesatti, l\u2019integrazione dei dati incompleti o la limitazione del trattamento che li riguarda o di opporsi al loro trattamento;<br \/>\nc) a proporre un reclamo al Garante per la protezione dei dati personali o alla Autorit\u00e0 competente che \u00e8 quella del luogo di abituale residenza o domicilio di chi contesta una violazione dei propri diritti, seguendo le procedure e le indicazioni pubblicate sul sito web ufficiale dell\u2019Autorit\u00e0 su www.garanteprivacy.it;<br \/>\nd) a chiedere l\u2019immediata cancellazione dei dati personali che lo riguardino quando venga revocato il consenso, non siano pi\u00f9 necessari per le finalit\u00e0 per i quali sono stati raccolti o trattati, sia venuto meno il fondamento giuridico per il trattamento, siano stati trattati illecitamente;<br \/>\ne) alla \u201cportabilit\u00e0 dei dati\u201d: il GDPR introduce il nuovo diritto alla portabilit\u00e0 dei dati. Tale diritto consente all\u2019interessato di ricevere i propri dati personali in un formato strutturato, di uso comune e leggibile da dispositivo automatico, e &#8211; a certe condizioni &#8211; di trasmetterli a un altro titolare del trattamento senza impedimenti. Sono portabili i soli dati personali che (a) riguardano l\u2019interessato, e (b) sono stati forniti dall\u2019interessato; (c) il cui trattamento si basi esclusivamente su un contratto o sul consenso dell\u2019interessato; (d) i dati sono trattati solo con l\u2019ausilio di mezzi elettronici (sono esclusi dalla portabilit\u00e0 gli archivi cartacei e i trattamenti manuali di dati).<br \/>\nIn merito all&#8217;esercizio di tali diritti, \u00e8 possibile inviare una comunicazione via email a eduxedu@focolare.org.<\/p>\n<h2>Collegamenti ad altri siti<\/h2>\n<p>I collegamenti a siti di terze parti sono pubblicati in questo sito soltanto per comodit\u00e0 dell\u2019utente. New Humanity non esprime alcuna opinione sul contenuto di tali siti e non \u00e8 responsabile delle informazioni in essi contenute.<\/p>\n<h2>Pareri di esperti<\/h2>\n<p>In questa area si presentano opinioni di esperti. New Humanity non \u00e8 responsabile dell\u2019accuratezza o completezza delle informazioni od opinioni da essi fornite.<\/p>\n<h2>Tutela della riservatezza<\/h2>\n<p>Se un utente desidera non ricevere pi\u00f9 corrispondenza e\/o e-mail da parte di EDUXEDU, pu\u00f2 inviare un\u2019e-mail con la quale informa che non desidera pi\u00f9 ricevere corrispondenza ( e-mail a eduxedu@focolare.org.)<\/p>\n<h2>Accettazione delle condizioni del Servizio.<\/h2>\n<p>L&#8217;utilizzo del Servizio e la consultazione dei relativi materiali ivi disponibili presuppone la piena ed incondizionata accettazione delle presenti condizioni di utilizzo, nonch\u00e9 il rigoroso rispetto delle ulteriori prescrizioni particolari stabilite e relative a ciascun singolo materiale.<\/p>\n<h2>Legge applicabile.<\/h2>\n<p>Il presente accordo sar\u00e0 disciplinato ed interpretato in conformit\u00e0 alle leggi italiane.<\/p>\n<p>Ultimo aggiornamento 1giugno 2020.<\/p>\n","protected":false},"excerpt":{"rendered":"<p>Note legali per l\u2019accesso e l\u2019uso dell\u2019area riservata EDUXEDU Ti preghiamo di leggere attentamente le seguenti condizioni d\u2019uso poich\u00e9 riguardano chiunque acceda all\u2019area riservata. Se decidi di utilizzare l\u2019area riservata acconsenti a rispettare quanto di seguito indicato. Il servizio mette a disposizione materiali di formazione in formato elettronico (di seguito per brevit\u00e0 il &#8220;Servizio&#8221;) predisposto [&hellip;]<\/p>\n","protected":false},"author":1,"featured_media":0,"parent":0,"menu_order":103,"comment_status":"closed","ping_status":"closed","template":"","meta":[],"yoast_head":"<!-- This site is optimized with the Yoast SEO plugin v15.8 - https:\/\/yoast.com\/wordpress\/plugins\/seo\/ -->\n<title>Note Legali | EDUxEDU<\/title>\n<meta name=\"description\" content=\"Note legali per l\u2019accesso e l\u2019uso dell\u2019area riservata EDUXEDU Ti preghiamo di leggere attentamente le seguenti condizioni d\u2019uso poich\u00e9 riguardano chiunque\" \/>\n<meta name=\"robots\" content=\"index, follow, max-snippet:-1, max-image-preview:large, max-video-preview:-1\" \/>\n<link rel=\"canonical\" href=\"https:\/\/eduxedu.focolare.org\/pt-br\/note-legali\/\" \/>\n<meta property=\"og:locale\" content=\"pt_BR\" \/>\n<meta property=\"og:type\" content=\"article\" \/>\n<meta property=\"og:title\" content=\"Note Legali | EDUxEDU\" \/>\n<meta property=\"og:description\" content=\"Note legali per l\u2019accesso e l\u2019uso dell\u2019area riservata EDUXEDU Ti preghiamo di leggere attentamente le seguenti condizioni d\u2019uso poich\u00e9 riguardano chiunque\" \/>\n<meta property=\"og:url\" content=\"https:\/\/eduxedu.focolare.org\/pt-br\/note-legali\/\" \/>\n<meta property=\"og:site_name\" content=\"EDUxEDU\" \/>\n<meta name=\"twitter:card\" content=\"summary_large_image\" \/>\n<meta name=\"twitter:label1\" content=\"Est. reading time\">\n\t<meta name=\"twitter:data1\" content=\"7 minutos\">\n<script type=\"application\/ld+json\" class=\"yoast-schema-graph\">{\"@context\":\"https:\/\/schema.org\",\"@graph\":[{\"@type\":\"Organization\",\"@id\":\"https:\/\/eduxedu.focolare.org\/#organization\",\"name\":\"EDUxEDU\",\"url\":\"https:\/\/eduxedu.focolare.org\/\",\"sameAs\":[],\"logo\":{\"@type\":\"ImageObject\",\"@id\":\"https:\/\/eduxedu.focolare.org\/#logo\",\"inLanguage\":\"pt-BR\",\"url\":\"https:\/\/eduxedu.focolare.org\/wp-content\/uploads\/2019\/05\/logo.png\",\"width\":500,\"height\":152,\"caption\":\"EDUxEDU\"},\"image\":{\"@id\":\"https:\/\/eduxedu.focolare.org\/#logo\"}},{\"@type\":\"WebSite\",\"@id\":\"https:\/\/eduxedu.focolare.org\/#website\",\"url\":\"https:\/\/eduxedu.focolare.org\/\",\"name\":\"EDUxEDU\",\"description\":\"Educarsi per Educare\",\"publisher\":{\"@id\":\"https:\/\/eduxedu.focolare.org\/#organization\"},\"potentialAction\":[{\"@type\":\"SearchAction\",\"target\":\"https:\/\/eduxedu.focolare.org\/?s={search_term_string}\",\"query-input\":\"required name=search_term_string\"}],\"inLanguage\":\"pt-BR\"},{\"@type\":\"WebPage\",\"@id\":\"https:\/\/eduxedu.focolare.org\/pt-br\/note-legali\/#webpage\",\"url\":\"https:\/\/eduxedu.focolare.org\/pt-br\/note-legali\/\",\"name\":\"Note Legali | EDUxEDU\",\"isPartOf\":{\"@id\":\"https:\/\/eduxedu.focolare.org\/#website\"},\"datePublished\":\"2020-11-19T08:15:51+00:00\",\"dateModified\":\"2020-11-19T08:15:51+00:00\",\"description\":\"Note legali per l\\u2019accesso e l\\u2019uso dell\\u2019area riservata EDUXEDU Ti preghiamo di leggere attentamente le seguenti condizioni d\\u2019uso poich\\u00e9 riguardano chiunque\",\"breadcrumb\":{\"@id\":\"https:\/\/eduxedu.focolare.org\/pt-br\/note-legali\/#breadcrumb\"},\"inLanguage\":\"pt-BR\",\"potentialAction\":[{\"@type\":\"ReadAction\",\"target\":[\"https:\/\/eduxedu.focolare.org\/pt-br\/note-legali\/\"]}]},{\"@type\":\"BreadcrumbList\",\"@id\":\"https:\/\/eduxedu.focolare.org\/pt-br\/note-legali\/#breadcrumb\",\"itemListElement\":[{\"@type\":\"ListItem\",\"position\":1,\"item\":{\"@type\":\"WebPage\",\"@id\":\"https:\/\/eduxedu.focolare.org\/pt-br\/\",\"url\":\"https:\/\/eduxedu.focolare.org\/pt-br\/\",\"name\":\"Home\"}},{\"@type\":\"ListItem\",\"position\":2,\"item\":{\"@type\":\"WebPage\",\"@id\":\"https:\/\/eduxedu.focolare.org\/pt-br\/note-legali\/\",\"url\":\"https:\/\/eduxedu.focolare.org\/pt-br\/note-legali\/\",\"name\":\"Note Legali\"}}]}]}<\/script>\n<!-- \/ Yoast SEO plugin. -->","_links":{"self":[{"href":"https:\/\/eduxedu.focolare.org\/pt-br\/wp-json\/wp\/v2\/pages\/1505"}],"collection":[{"href":"https:\/\/eduxedu.focolare.org\/pt-br\/wp-json\/wp\/v2\/pages"}],"about":[{"href":"https:\/\/eduxedu.focolare.org\/pt-br\/wp-json\/wp\/v2\/types\/page"}],"author":[{"embeddable":true,"href":"https:\/\/eduxedu.focolare.org\/pt-br\/wp-json\/wp\/v2\/users\/1"}],"replies":[{"embeddable":true,"href":"https:\/\/eduxedu.focolare.org\/pt-br\/wp-json\/wp\/v2\/comments?post=1505"}],"version-history":[{"count":1,"href":"https:\/\/eduxedu.focolare.org\/pt-br\/wp-json\/wp\/v2\/pages\/1505\/revisions"}],"predecessor-version":[{"id":1512,"href":"https:\/\/eduxedu.focolare.org\/pt-br\/wp-json\/wp\/v2\/pages\/1505\/revisions\/1512"}],"wp:attachment":[{"href":"https:\/\/eduxedu.focolare.org\/pt-br\/wp-json\/wp\/v2\/media?parent=1505"}],"curies":[{"name":"wp","href":"https:\/\/api.w.org\/{rel}","templated":true}]}}