{"id":1380,"date":"2020-11-03T16:07:09","date_gmt":"2020-11-03T15:07:09","guid":{"rendered":"https:\/\/eduxedu.focolare.org\/?page_id=1380"},"modified":"2020-11-03T20:05:50","modified_gmt":"2020-11-03T19:05:50","slug":"programa","status":"publish","type":"page","link":"https:\/\/eduxedu.focolare.org\/pt-br\/programa\/","title":{"rendered":"PROGRAMA"},"content":{"rendered":"<p>EDUxEDU \u2013 educar para educar \u2013 \u00e9 um <strong>programa internacional de forma\u00e7\u00e3o para educadores<\/strong> promovido pelo Movimento dos Focolares em parceria com o Instituto Universit\u00e1rio Sophia (Incisa Val d&#8217;Arno) e a Universidade LUMSA (Roma). Diversas entidades educacionais colaboram, empenhando-se diariamente na promo\u00e7\u00e3o, valoriza\u00e7\u00e3o e apoio de uma cultura para a inf\u00e2ncia e adolesc\u00eancia em diferentes contextos, como: fam\u00edlia, escola, par\u00f3quia, esportes, associa\u00e7\u00f5es, editoras, etc&#8230;<\/p>\n<p>O trabalho em rede \u00e9 um pr\u00e9-requisito essencial para acompanhar crian\u00e7as e jovens da melhor maneira poss\u00edvel em seu processo de crescimento humano e espiritual e a principal for\u00e7a motriz da proposta educacional. Atrav\u00e9s da EduxEdu, os educadores podem se envolver, <strong>compartilhar experi\u00eancias e iniciativas educacionais.<\/strong><\/p>\n","protected":false},"excerpt":{"rendered":"<p>EDUxEDU \u2013 educar para educar \u2013 \u00e9 um programa internacional de forma\u00e7\u00e3o para educadores promovido pelo Movimento dos Focolares em parceria com o Instituto Universit\u00e1rio Sophia (Incisa Val d&#8217;Arno) e a Universidade LUMSA (Roma). Diversas entidades educacionais colaboram, empenhando-se diariamente na promo\u00e7\u00e3o, valoriza\u00e7\u00e3o e apoio de uma cultura para a inf\u00e2ncia e adolesc\u00eancia em diferentes [&hellip;]<\/p>\n","protected":false},"author":32,"featured_media":1381,"parent":0,"menu_order":3,"comment_status":"closed","ping_status":"closed","template":"","meta":[],"yoast_head":"<!-- This site is optimized with the Yoast SEO plugin v15.8 - https:\/\/yoast.com\/wordpress\/plugins\/seo\/ -->\n<title>PROGRAMA | EDUxEDU<\/title>\n<meta name=\"description\" content=\"EDUxEDU \u2013 educar para educar \u2013 \u00e9 um programa internacional de forma\u00e7\u00e3o para educadores promovido pelo Movimento dos Focolares em parceria com o Instituto\" \/>\n<meta name=\"robots\" content=\"index, follow, max-snippet:-1, max-image-preview:large, max-video-preview:-1\" \/>\n<link rel=\"canonical\" href=\"https:\/\/eduxedu.focolare.org\/pt-br\/programa\/\" \/>\n<meta property=\"og:locale\" content=\"pt_BR\" \/>\n<meta property=\"og:type\" content=\"article\" \/>\n<meta property=\"og:title\" content=\"PROGRAMA | EDUxEDU\" \/>\n<meta property=\"og:description\" content=\"EDUxEDU \u2013 educar para educar \u2013 \u00e9 um programa internacional de forma\u00e7\u00e3o para educadores promovido pelo Movimento dos Focolares em parceria com o Instituto\" \/>\n<meta property=\"og:url\" content=\"https:\/\/eduxedu.focolare.org\/pt-br\/programa\/\" \/>\n<meta property=\"og:site_name\" content=\"EDUxEDU\" \/>\n<meta property=\"article:modified_time\" content=\"2020-11-03T19:05:50+00:00\" \/>\n<meta property=\"og:image\" content=\"https:\/\/eduxedu.focolare.org\/wp-content\/uploads\/2019\/05\/progetto.jpg\" \/>\n\t<meta property=\"og:image:width\" content=\"1600\" \/>\n\t<meta property=\"og:image:height\" content=\"655\" \/>\n<meta name=\"twitter:card\" content=\"summary_large_image\" \/>\n<meta name=\"twitter:label1\" content=\"Est. reading time\">\n\t<meta name=\"twitter:data1\" content=\"1 minuto\">\n<script type=\"application\/ld+json\" class=\"yoast-schema-graph\">{\"@context\":\"https:\/\/schema.org\",\"@graph\":[{\"@type\":\"Organization\",\"@id\":\"https:\/\/eduxedu.focolare.org\/#organization\",\"name\":\"EDUxEDU\",\"url\":\"https:\/\/eduxedu.focolare.org\/\",\"sameAs\":[],\"logo\":{\"@type\":\"ImageObject\",\"@id\":\"https:\/\/eduxedu.focolare.org\/#logo\",\"inLanguage\":\"pt-BR\",\"url\":\"https:\/\/eduxedu.focolare.org\/wp-content\/uploads\/2019\/05\/logo.png\",\"width\":500,\"height\":152,\"caption\":\"EDUxEDU\"},\"image\":{\"@id\":\"https:\/\/eduxedu.focolare.org\/#logo\"}},{\"@type\":\"WebSite\",\"@id\":\"https:\/\/eduxedu.focolare.org\/#website\",\"url\":\"https:\/\/eduxedu.focolare.org\/\",\"name\":\"EDUxEDU\",\"description\":\"Educarsi per Educare\",\"publisher\":{\"@id\":\"https:\/\/eduxedu.focolare.org\/#organization\"},\"potentialAction\":[{\"@type\":\"SearchAction\",\"target\":\"https:\/\/eduxedu.focolare.org\/?s={search_term_string}\",\"query-input\":\"required name=search_term_string\"}],\"inLanguage\":\"pt-BR\"},{\"@type\":\"ImageObject\",\"@id\":\"https:\/\/eduxedu.focolare.org\/pt-br\/programa\/#primaryimage\",\"inLanguage\":\"pt-BR\",\"url\":\"https:\/\/eduxedu.focolare.org\/wp-content\/uploads\/2019\/05\/progetto.jpg\",\"width\":1600,\"height\":655},{\"@type\":\"WebPage\",\"@id\":\"https:\/\/eduxedu.focolare.org\/pt-br\/programa\/#webpage\",\"url\":\"https:\/\/eduxedu.focolare.org\/pt-br\/programa\/\",\"name\":\"PROGRAMA | EDUxEDU\",\"isPartOf\":{\"@id\":\"https:\/\/eduxedu.focolare.org\/#website\"},\"primaryImageOfPage\":{\"@id\":\"https:\/\/eduxedu.focolare.org\/pt-br\/programa\/#primaryimage\"},\"datePublished\":\"2020-11-03T15:07:09+00:00\",\"dateModified\":\"2020-11-03T19:05:50+00:00\",\"description\":\"EDUxEDU \\u2013 educar para educar \\u2013 \\u00e9 um programa internacional de forma\\u00e7\\u00e3o para educadores promovido pelo Movimento dos Focolares em parceria com o Instituto\",\"breadcrumb\":{\"@id\":\"https:\/\/eduxedu.focolare.org\/pt-br\/programa\/#breadcrumb\"},\"inLanguage\":\"pt-BR\",\"potentialAction\":[{\"@type\":\"ReadAction\",\"target\":[\"https:\/\/eduxedu.focolare.org\/pt-br\/programa\/\"]}]},{\"@type\":\"BreadcrumbList\",\"@id\":\"https:\/\/eduxedu.focolare.org\/pt-br\/programa\/#breadcrumb\",\"itemListElement\":[{\"@type\":\"ListItem\",\"position\":1,\"item\":{\"@type\":\"WebPage\",\"@id\":\"https:\/\/eduxedu.focolare.org\/pt-br\/\",\"url\":\"https:\/\/eduxedu.focolare.org\/pt-br\/\",\"name\":\"Home\"}},{\"@type\":\"ListItem\",\"position\":2,\"item\":{\"@type\":\"WebPage\",\"@id\":\"https:\/\/eduxedu.focolare.org\/pt-br\/programa\/\",\"url\":\"https:\/\/eduxedu.focolare.org\/pt-br\/programa\/\",\"name\":\"PROGRAMA\"}}]}]}<\/script>\n<!-- \/ Yoast SEO plugin. -->","_links":{"self":[{"href":"https:\/\/eduxedu.focolare.org\/pt-br\/wp-json\/wp\/v2\/pages\/1380"}],"collection":[{"href":"https:\/\/eduxedu.focolare.org\/pt-br\/wp-json\/wp\/v2\/pages"}],"about":[{"href":"https:\/\/eduxedu.focolare.org\/pt-br\/wp-json\/wp\/v2\/types\/page"}],"author":[{"embeddable":true,"href":"https:\/\/eduxedu.focolare.org\/pt-br\/wp-json\/wp\/v2\/users\/32"}],"replies":[{"embeddable":true,"href":"https:\/\/eduxedu.focolare.org\/pt-br\/wp-json\/wp\/v2\/comments?post=1380"}],"version-history":[{"count":3,"href":"https:\/\/eduxedu.focolare.org\/pt-br\/wp-json\/wp\/v2\/pages\/1380\/revisions"}],"predecessor-version":[{"id":1396,"href":"https:\/\/eduxedu.focolare.org\/pt-br\/wp-json\/wp\/v2\/pages\/1380\/revisions\/1396"}],"wp:featuredmedia":[{"embeddable":true,"href":"https:\/\/eduxedu.focolare.org\/pt-br\/wp-json\/wp\/v2\/media\/1381"}],"wp:attachment":[{"href":"https:\/\/eduxedu.focolare.org\/pt-br\/wp-json\/wp\/v2\/media?parent=1380"}],"curies":[{"name":"wp","href":"https:\/\/api.w.org\/{rel}","templated":true}]}}