{"id":1374,"date":"2020-11-03T15:58:09","date_gmt":"2020-11-03T14:58:09","guid":{"rendered":"https:\/\/eduxedu.focolare.org\/?page_id=1374"},"modified":"2020-11-03T15:58:09","modified_gmt":"2020-11-03T14:58:09","slug":"visao-e-missao","status":"publish","type":"page","link":"https:\/\/eduxedu.focolare.org\/pt-br\/visao-e-missao\/","title":{"rendered":"VIS\u00c3O E MISS\u00c3O"},"content":{"rendered":"<p>A proposta pedag\u00f3gica \u00e9 inspirada no Carisma da Unidade de <a href=\"http:\/\/www.centrochiaralubich.org\/it\/\">Chiara Lubich<\/a>. <a href=\"https:\/\/www.focolare.org\/\">O Movimento dos Focolares<\/a> por ela fundado e a sua hist\u00f3ria podem ser vistos \u201ccomo um grande e extraordin\u00e1rio evento educacional. Todos os fatores da educa\u00e7\u00e3o est\u00e3o presentes e a presen\u00e7a de uma teoria da educa\u00e7\u00e3o \u00e9 evidente\u201d1\u00a0 de uma pedagogia que estabelece uma nova atua\u00e7\u00e3o educacional.<\/p>\n<p>A oferta educacional se baseia na bagagem de mais de cinquenta anos de experi\u00eancia, iniciativas, projetos realizados no mundo inteiro para a promo\u00e7\u00e3o e experi\u00eancia entre crian\u00e7as e jovens de valores como a paz, a fraternidade universal, a solidariedade para com os mais fragilizados.<\/p>\n<p>&nbsp;<\/p>\n<p>A miss\u00e3o de EDUxEDU \u00e9 promover uma nova cultura da inf\u00e2ncia e da adolesc\u00eancia.<\/p>\n<p>Crian\u00e7as e adolescentes n\u00e3o s\u00e3o apenas portadores de necessidades e fragilidades, receptores passivos de nossas a\u00e7\u00f5es e iniciativas educacionais, mas co-construtores de rela\u00e7\u00f5es pessoais que contribuem plenamente para o crescimento da sociedade. N\u00e3o mais, portanto, o objeto da educa\u00e7\u00e3o, mas sujeitos &#8211; pessoas &#8211; que atrav\u00e9s de sua particular sabedoria, sensibilidade, criatividade, protagonismo, s\u00e3o membros ativos da comunidade e uma contribui\u00e7\u00e3o indispens\u00e1vel para o desenvolvimento do territ\u00f3rio em que vivem e da humanidade.<\/p>\n<p>&nbsp;<\/p>\n<p>Mas que ideia de educa\u00e7\u00e3o esta por tr\u00e1s de EDUxEDU?<\/p>\n<p>Muitas vezes, educar significa limitar-se a encher a cabe\u00e7a das crian\u00e7as e dos adolescentes com regras, no\u00e7\u00f5es, de como ser ou o que fazer, esquecendo o grande e surpreendente potencial que j\u00e1 existe neles, atrav\u00e9s do qual tamb\u00e9m eles podem ser protagonistas de relacionamentos que educam.<\/p>\n<p>&nbsp;<\/p>\n<p>A \u00e9tica da palavra educar &#8211; <em>e-ducere<\/em> &#8211; lembra ao inv\u00e9s disso a arte mai\u00eautica de \u201ctrazer \u00e0 tona\u201d, \u201ctrazer \u00e0 luz\u201d. Educar, portanto, significa acompanhar o outro na plena e livre realiza\u00e7\u00e3o de si mesmo, em sua rela\u00e7\u00e3o com os outros. Este \u00e9 o objetivo final, a miss\u00e3o, do educador.<\/p>\n<ol>\n<li>Chiara Lubich, Washington, 10 de novembro de 2000, Outorga a Chiara L. do Doutorado <em>honoris causa <\/em>em Pedagogia da Universidade Cat\u00f3lica da Am\u00e9rica (http:\/\/www.centrochiaralubich.org\/it\/documenti\/video\/2037-il-carisma-dell-unita-e-la-pedagogia.html)<\/li>\n<\/ol>\n","protected":false},"excerpt":{"rendered":"<p>A proposta pedag\u00f3gica \u00e9 inspirada no Carisma da Unidade de Chiara Lubich. O Movimento dos Focolares por ela fundado e a sua hist\u00f3ria podem ser vistos \u201ccomo um grande e extraordin\u00e1rio evento educacional. Todos os fatores da educa\u00e7\u00e3o est\u00e3o presentes e a presen\u00e7a de uma teoria da educa\u00e7\u00e3o \u00e9 evidente\u201d1\u00a0 de uma pedagogia que estabelece [&hellip;]<\/p>\n","protected":false},"author":32,"featured_media":1376,"parent":0,"menu_order":2,"comment_status":"closed","ping_status":"closed","template":"","meta":[],"yoast_head":"<!-- This site is optimized with the Yoast SEO plugin v15.8 - https:\/\/yoast.com\/wordpress\/plugins\/seo\/ -->\n<title>VIS\u00c3O E MISS\u00c3O | EDUxEDU<\/title>\n<meta name=\"description\" content=\"A proposta pedag\u00f3gica \u00e9 inspirada no Carisma da Unidade de Chiara Lubich. O Movimento dos Focolares por ela fundado e a sua hist\u00f3ria podem ser vistos\" \/>\n<meta name=\"robots\" content=\"index, follow, max-snippet:-1, max-image-preview:large, max-video-preview:-1\" \/>\n<link rel=\"canonical\" href=\"https:\/\/eduxedu.focolare.org\/pt-br\/visao-e-missao\/\" \/>\n<meta property=\"og:locale\" content=\"pt_BR\" \/>\n<meta property=\"og:type\" content=\"article\" \/>\n<meta property=\"og:title\" content=\"VIS\u00c3O E MISS\u00c3O | EDUxEDU\" \/>\n<meta property=\"og:description\" content=\"A proposta pedag\u00f3gica \u00e9 inspirada no Carisma da Unidade de Chiara Lubich. O Movimento dos Focolares por ela fundado e a sua hist\u00f3ria podem ser vistos\" \/>\n<meta property=\"og:url\" content=\"https:\/\/eduxedu.focolare.org\/pt-br\/visao-e-missao\/\" \/>\n<meta property=\"og:site_name\" content=\"EDUxEDU\" \/>\n<meta property=\"og:image\" content=\"https:\/\/eduxedu.focolare.org\/wp-content\/uploads\/2019\/05\/famiglia-1.jpg\" \/>\n\t<meta property=\"og:image:width\" content=\"1600\" \/>\n\t<meta property=\"og:image:height\" content=\"911\" \/>\n<meta name=\"twitter:card\" content=\"summary_large_image\" \/>\n<meta name=\"twitter:label1\" content=\"Est. reading time\">\n\t<meta name=\"twitter:data1\" content=\"2 minutos\">\n<script type=\"application\/ld+json\" class=\"yoast-schema-graph\">{\"@context\":\"https:\/\/schema.org\",\"@graph\":[{\"@type\":\"Organization\",\"@id\":\"https:\/\/eduxedu.focolare.org\/#organization\",\"name\":\"EDUxEDU\",\"url\":\"https:\/\/eduxedu.focolare.org\/\",\"sameAs\":[],\"logo\":{\"@type\":\"ImageObject\",\"@id\":\"https:\/\/eduxedu.focolare.org\/#logo\",\"inLanguage\":\"pt-BR\",\"url\":\"https:\/\/eduxedu.focolare.org\/wp-content\/uploads\/2019\/05\/logo.png\",\"width\":500,\"height\":152,\"caption\":\"EDUxEDU\"},\"image\":{\"@id\":\"https:\/\/eduxedu.focolare.org\/#logo\"}},{\"@type\":\"WebSite\",\"@id\":\"https:\/\/eduxedu.focolare.org\/#website\",\"url\":\"https:\/\/eduxedu.focolare.org\/\",\"name\":\"EDUxEDU\",\"description\":\"Educarsi per Educare\",\"publisher\":{\"@id\":\"https:\/\/eduxedu.focolare.org\/#organization\"},\"potentialAction\":[{\"@type\":\"SearchAction\",\"target\":\"https:\/\/eduxedu.focolare.org\/?s={search_term_string}\",\"query-input\":\"required name=search_term_string\"}],\"inLanguage\":\"pt-BR\"},{\"@type\":\"ImageObject\",\"@id\":\"https:\/\/eduxedu.focolare.org\/pt-br\/visao-e-missao\/#primaryimage\",\"inLanguage\":\"pt-BR\",\"url\":\"https:\/\/eduxedu.focolare.org\/wp-content\/uploads\/2019\/05\/famiglia-1.jpg\",\"width\":1600,\"height\":911},{\"@type\":\"WebPage\",\"@id\":\"https:\/\/eduxedu.focolare.org\/pt-br\/visao-e-missao\/#webpage\",\"url\":\"https:\/\/eduxedu.focolare.org\/pt-br\/visao-e-missao\/\",\"name\":\"VIS\\u00c3O E MISS\\u00c3O | EDUxEDU\",\"isPartOf\":{\"@id\":\"https:\/\/eduxedu.focolare.org\/#website\"},\"primaryImageOfPage\":{\"@id\":\"https:\/\/eduxedu.focolare.org\/pt-br\/visao-e-missao\/#primaryimage\"},\"datePublished\":\"2020-11-03T14:58:09+00:00\",\"dateModified\":\"2020-11-03T14:58:09+00:00\",\"description\":\"A proposta pedag\\u00f3gica \\u00e9 inspirada no Carisma da Unidade de Chiara Lubich. O Movimento dos Focolares por ela fundado e a sua hist\\u00f3ria podem ser vistos\",\"breadcrumb\":{\"@id\":\"https:\/\/eduxedu.focolare.org\/pt-br\/visao-e-missao\/#breadcrumb\"},\"inLanguage\":\"pt-BR\",\"potentialAction\":[{\"@type\":\"ReadAction\",\"target\":[\"https:\/\/eduxedu.focolare.org\/pt-br\/visao-e-missao\/\"]}]},{\"@type\":\"BreadcrumbList\",\"@id\":\"https:\/\/eduxedu.focolare.org\/pt-br\/visao-e-missao\/#breadcrumb\",\"itemListElement\":[{\"@type\":\"ListItem\",\"position\":1,\"item\":{\"@type\":\"WebPage\",\"@id\":\"https:\/\/eduxedu.focolare.org\/pt-br\/\",\"url\":\"https:\/\/eduxedu.focolare.org\/pt-br\/\",\"name\":\"Home\"}},{\"@type\":\"ListItem\",\"position\":2,\"item\":{\"@type\":\"WebPage\",\"@id\":\"https:\/\/eduxedu.focolare.org\/pt-br\/visao-e-missao\/\",\"url\":\"https:\/\/eduxedu.focolare.org\/pt-br\/visao-e-missao\/\",\"name\":\"VIS\\u00c3O E MISS\\u00c3O\"}}]}]}<\/script>\n<!-- \/ Yoast SEO plugin. -->","_links":{"self":[{"href":"https:\/\/eduxedu.focolare.org\/pt-br\/wp-json\/wp\/v2\/pages\/1374"}],"collection":[{"href":"https:\/\/eduxedu.focolare.org\/pt-br\/wp-json\/wp\/v2\/pages"}],"about":[{"href":"https:\/\/eduxedu.focolare.org\/pt-br\/wp-json\/wp\/v2\/types\/page"}],"author":[{"embeddable":true,"href":"https:\/\/eduxedu.focolare.org\/pt-br\/wp-json\/wp\/v2\/users\/32"}],"replies":[{"embeddable":true,"href":"https:\/\/eduxedu.focolare.org\/pt-br\/wp-json\/wp\/v2\/comments?post=1374"}],"version-history":[{"count":1,"href":"https:\/\/eduxedu.focolare.org\/pt-br\/wp-json\/wp\/v2\/pages\/1374\/revisions"}],"predecessor-version":[{"id":1377,"href":"https:\/\/eduxedu.focolare.org\/pt-br\/wp-json\/wp\/v2\/pages\/1374\/revisions\/1377"}],"wp:featuredmedia":[{"embeddable":true,"href":"https:\/\/eduxedu.focolare.org\/pt-br\/wp-json\/wp\/v2\/media\/1376"}],"wp:attachment":[{"href":"https:\/\/eduxedu.focolare.org\/pt-br\/wp-json\/wp\/v2\/media?parent=1374"}],"curies":[{"name":"wp","href":"https:\/\/api.w.org\/{rel}","templated":true}]}}