{"id":1634,"date":"2020-12-02T11:53:29","date_gmt":"2020-12-02T10:53:29","guid":{"rendered":"https:\/\/eduxedu.focolare.org\/?page_id=1634"},"modified":"2020-12-02T15:07:52","modified_gmt":"2020-12-02T14:07:52","slug":"contacts","status":"publish","type":"page","link":"https:\/\/eduxedu.focolare.org\/fr\/contacts\/","title":{"rendered":"Contacts"},"content":{"rendered":"<h3 style=\"text-align: center;\">Garde contact en remplissant le formulaire ci-dessous<\/h3>\n<p style=\"text-align: center;\"><strong>EduxEdu \u2013 S\u2019\u00e9duquer pour \u00e9duquer<\/strong><\/p>\n<p style=\"text-align: center;\">Via Frascati, 332<\/p>\n<p style=\"text-align: center;\">00040 Rocca di Papa (RM) &#8211; Italie<\/p>\n<p>&nbsp;<\/p>\n<div role=\"form\" class=\"wpcf7\" id=\"wpcf7-f1651-o1\" lang=\"it-IT\" dir=\"ltr\">\n<div class=\"screen-reader-response\"><p role=\"status\" aria-live=\"polite\" aria-atomic=\"true\"><\/p> <ul><\/ul><\/div>\n<form action=\"\/fr\/wp-json\/wp\/v2\/pages\/1634#wpcf7-f1651-o1\" method=\"post\" class=\"wpcf7-form init\" novalidate=\"novalidate\" data-status=\"init\">\n<div style=\"display: none;\">\n<input type=\"hidden\" name=\"_wpcf7\" value=\"1651\" \/>\n<input type=\"hidden\" name=\"_wpcf7_version\" value=\"5.3.2\" \/>\n<input type=\"hidden\" name=\"_wpcf7_locale\" value=\"it_IT\" \/>\n<input type=\"hidden\" name=\"_wpcf7_unit_tag\" value=\"wpcf7-f1651-o1\" \/>\n<input type=\"hidden\" name=\"_wpcf7_container_post\" value=\"0\" \/>\n<input type=\"hidden\" name=\"_wpcf7_posted_data_hash\" value=\"\" \/>\n<\/div>\n<p><label class=\"left\"> <span class=\"wpcf7-form-control-wrap nome\"><input type=\"text\" name=\"nome\" value=\"\" size=\"40\" class=\"wpcf7-form-control wpcf7-text wpcf7-validates-as-required\" aria-required=\"true\" aria-invalid=\"false\" placeholder=\"Nom\" \/><\/span> <\/label><\/p>\n<p><label class=\"right\"> <span class=\"wpcf7-form-control-wrap cognome\"><input type=\"text\" name=\"cognome\" value=\"\" size=\"40\" class=\"wpcf7-form-control wpcf7-text wpcf7-validates-as-required\" aria-required=\"true\" aria-invalid=\"false\" placeholder=\"Pr\u00e9nom\" \/><\/span> <\/label><\/p>\n<p><label class=\"left\"> <span class=\"wpcf7-form-control-wrap email\"><input type=\"email\" name=\"email\" value=\"\" size=\"40\" class=\"wpcf7-form-control wpcf7-text wpcf7-email wpcf7-validates-as-required wpcf7-validates-as-email\" aria-required=\"true\" aria-invalid=\"false\" placeholder=\"Adresse\" \/><\/span> <\/label><\/p>\n<p><label class=\"right\"> <span class=\"wpcf7-form-control-wrap oggetto\"><input type=\"text\" name=\"oggetto\" value=\"\" size=\"40\" class=\"wpcf7-form-control wpcf7-text wpcf7-validates-as-required\" aria-required=\"true\" aria-invalid=\"false\" placeholder=\"Objet\" \/><\/span> <\/label><\/p>\n<div class=\"clear\"><\/div>\n<p><label class=\"center\"> <span class=\"wpcf7-form-control-wrap messaggio\"><textarea name=\"messaggio\" cols=\"40\" rows=\"10\" class=\"wpcf7-form-control wpcf7-textarea wpcf7-validates-as-required\" aria-required=\"true\" aria-invalid=\"false\" placeholder=\"Message...\"><\/textarea><\/span> <\/label><\/p>\n<p id=\"privacy\"> <span class=\"wpcf7-form-control-wrap privacy\"><span class=\"wpcf7-form-control wpcf7-acceptance\"><span class=\"wpcf7-list-item\"><label><input type=\"checkbox\" name=\"privacy\" value=\"1\" aria-invalid=\"false\" \/><span class=\"wpcf7-list-item-label\">Je consens au traitement de mes donn\u00e9es personnelles conform\u00e9ment \u00e0 la loi en vigueur sur la Confidentialit\u00e9. <a href=\"https:\/\/eduxedu.focolare.org\/fr\/privacy-policy\/\" target=\"_blank\">Lire la politique de confidentialit\u00e9<\/a><\/span><\/label><\/span><\/span><\/span> <\/p>\n<p><input type=\"submit\" value=\"Soumettre\" class=\"wpcf7-form-control wpcf7-submit\" \/><\/p>\n<div class=\"clear\"><\/div>\n<div class=\"wpcf7-response-output\" aria-hidden=\"true\"><\/div><\/form><\/div>\n","protected":false},"excerpt":{"rendered":"<p>Garde contact en remplissant le formulaire ci-dessous EduxEdu \u2013 S\u2019\u00e9duquer pour \u00e9duquer Via Frascati, 332 00040 Rocca di Papa (RM) &#8211; Italie &nbsp;<\/p>\n","protected":false},"author":32,"featured_media":0,"parent":0,"menu_order":8,"comment_status":"closed","ping_status":"closed","template":"","meta":[],"yoast_head":"<!-- This site is optimized with the Yoast SEO plugin v15.8 - https:\/\/yoast.com\/wordpress\/plugins\/seo\/ -->\n<title>Contacts | EDUxEDU<\/title>\n<meta name=\"description\" content=\"Garde contact en remplissant le formulaire ci-dessous EduxEdu \u2013 S\u2019\u00e9duquer pour \u00e9duquer Via Frascati, 332 00040 Rocca di Papa (RM) - Italie &nbsp;\" \/>\n<meta name=\"robots\" content=\"index, follow, max-snippet:-1, max-image-preview:large, max-video-preview:-1\" \/>\n<link rel=\"canonical\" href=\"https:\/\/eduxedu.focolare.org\/fr\/contacts\/\" \/>\n<meta property=\"og:locale\" content=\"fr_FR\" \/>\n<meta property=\"og:type\" content=\"article\" \/>\n<meta property=\"og:title\" content=\"Contacts | EDUxEDU\" \/>\n<meta property=\"og:description\" content=\"Garde contact en remplissant le formulaire ci-dessous EduxEdu \u2013 S\u2019\u00e9duquer pour \u00e9duquer Via Frascati, 332 00040 Rocca di Papa (RM) - Italie &nbsp;\" \/>\n<meta property=\"og:url\" content=\"https:\/\/eduxedu.focolare.org\/fr\/contacts\/\" \/>\n<meta property=\"og:site_name\" content=\"EDUxEDU\" \/>\n<meta property=\"article:modified_time\" content=\"2020-12-02T14:07:52+00:00\" \/>\n<meta name=\"twitter:card\" content=\"summary_large_image\" \/>\n<script type=\"application\/ld+json\" class=\"yoast-schema-graph\">{\"@context\":\"https:\/\/schema.org\",\"@graph\":[{\"@type\":\"Organization\",\"@id\":\"https:\/\/eduxedu.focolare.org\/#organization\",\"name\":\"EDUxEDU\",\"url\":\"https:\/\/eduxedu.focolare.org\/\",\"sameAs\":[],\"logo\":{\"@type\":\"ImageObject\",\"@id\":\"https:\/\/eduxedu.focolare.org\/#logo\",\"inLanguage\":\"fr-FR\",\"url\":\"https:\/\/eduxedu.focolare.org\/wp-content\/uploads\/2019\/05\/logo.png\",\"width\":500,\"height\":152,\"caption\":\"EDUxEDU\"},\"image\":{\"@id\":\"https:\/\/eduxedu.focolare.org\/#logo\"}},{\"@type\":\"WebSite\",\"@id\":\"https:\/\/eduxedu.focolare.org\/#website\",\"url\":\"https:\/\/eduxedu.focolare.org\/\",\"name\":\"EDUxEDU\",\"description\":\"Educarsi per Educare\",\"publisher\":{\"@id\":\"https:\/\/eduxedu.focolare.org\/#organization\"},\"potentialAction\":[{\"@type\":\"SearchAction\",\"target\":\"https:\/\/eduxedu.focolare.org\/?s={search_term_string}\",\"query-input\":\"required name=search_term_string\"}],\"inLanguage\":\"fr-FR\"},{\"@type\":\"WebPage\",\"@id\":\"https:\/\/eduxedu.focolare.org\/fr\/contacts\/#webpage\",\"url\":\"https:\/\/eduxedu.focolare.org\/fr\/contacts\/\",\"name\":\"Contacts | EDUxEDU\",\"isPartOf\":{\"@id\":\"https:\/\/eduxedu.focolare.org\/#website\"},\"datePublished\":\"2020-12-02T10:53:29+00:00\",\"dateModified\":\"2020-12-02T14:07:52+00:00\",\"description\":\"Garde contact en remplissant le formulaire ci-dessous EduxEdu \\u2013 S\\u2019\\u00e9duquer pour \\u00e9duquer Via Frascati, 332 00040 Rocca di Papa (RM) - Italie &nbsp;\",\"breadcrumb\":{\"@id\":\"https:\/\/eduxedu.focolare.org\/fr\/contacts\/#breadcrumb\"},\"inLanguage\":\"fr-FR\",\"potentialAction\":[{\"@type\":\"ReadAction\",\"target\":[\"https:\/\/eduxedu.focolare.org\/fr\/contacts\/\"]}]},{\"@type\":\"BreadcrumbList\",\"@id\":\"https:\/\/eduxedu.focolare.org\/fr\/contacts\/#breadcrumb\",\"itemListElement\":[{\"@type\":\"ListItem\",\"position\":1,\"item\":{\"@type\":\"WebPage\",\"@id\":\"https:\/\/eduxedu.focolare.org\/fr\/\",\"url\":\"https:\/\/eduxedu.focolare.org\/fr\/\",\"name\":\"Home\"}},{\"@type\":\"ListItem\",\"position\":2,\"item\":{\"@type\":\"WebPage\",\"@id\":\"https:\/\/eduxedu.focolare.org\/fr\/contacts\/\",\"url\":\"https:\/\/eduxedu.focolare.org\/fr\/contacts\/\",\"name\":\"Contacts\"}}]}]}<\/script>\n<!-- \/ Yoast SEO plugin. -->","_links":{"self":[{"href":"https:\/\/eduxedu.focolare.org\/fr\/wp-json\/wp\/v2\/pages\/1634"}],"collection":[{"href":"https:\/\/eduxedu.focolare.org\/fr\/wp-json\/wp\/v2\/pages"}],"about":[{"href":"https:\/\/eduxedu.focolare.org\/fr\/wp-json\/wp\/v2\/types\/page"}],"author":[{"embeddable":true,"href":"https:\/\/eduxedu.focolare.org\/fr\/wp-json\/wp\/v2\/users\/32"}],"replies":[{"embeddable":true,"href":"https:\/\/eduxedu.focolare.org\/fr\/wp-json\/wp\/v2\/comments?post=1634"}],"version-history":[{"count":2,"href":"https:\/\/eduxedu.focolare.org\/fr\/wp-json\/wp\/v2\/pages\/1634\/revisions"}],"predecessor-version":[{"id":1656,"href":"https:\/\/eduxedu.focolare.org\/fr\/wp-json\/wp\/v2\/pages\/1634\/revisions\/1656"}],"wp:attachment":[{"href":"https:\/\/eduxedu.focolare.org\/fr\/wp-json\/wp\/v2\/media?parent=1634"}],"curies":[{"name":"wp","href":"https:\/\/api.w.org\/{rel}","templated":true}]}}