{"id":1602,"date":"2020-12-02T11:29:27","date_gmt":"2020-12-02T10:29:27","guid":{"rendered":"https:\/\/eduxedu.focolare.org\/?page_id=1602"},"modified":"2020-12-02T11:44:31","modified_gmt":"2020-12-02T10:44:31","slug":"programme","status":"publish","type":"page","link":"https:\/\/eduxedu.focolare.org\/fr\/programme\/","title":{"rendered":"PROGRAMME"},"content":{"rendered":"<p>EDUxEDU \u2013 s\u2019\u00e9duquer pour \u00e9duquer &#8211; est un programme international de formation pour les \u00e9ducateurs, promu par le Mouvement des Focolari en partenariat avec l&rsquo;Institut Universitaire Sophia (Incisa Val d&rsquo;Arno) et l&rsquo;Universit\u00e9 LUMSA (Rome). Diverses agences \u00e9ducatives y collaborent, engag\u00e9es quotidiennement dans la promotion, la valorisation et le soutien d&rsquo;une culture pour l&rsquo;enfance et l&rsquo;adolescence dans diff\u00e9rents contextes tels que la famille, l&rsquo;\u00e9cole, la paroisse, le sport, les associations, l&rsquo;\u00e9dition, etc.<\/p>\n<p>La mise en r\u00e9seau est une condition essentielle pour accompagner au mieux les enfants et les adolescents dans leur processus de croissance humaine et spirituelle et le principal moteur de la proposition \u00e9ducative. Gr\u00e2ce \u00e0 EduxEdu, les \u00e9ducateurs peuvent se mettre en jeu, partager leurs exp\u00e9riences et leurs initiatives \u00e9ducatives.<\/p>\n","protected":false},"excerpt":{"rendered":"<p>EDUxEDU \u2013 s\u2019\u00e9duquer pour \u00e9duquer &#8211; est un programme international de formation pour les \u00e9ducateurs, promu par le Mouvement des Focolari en partenariat avec l&rsquo;Institut Universitaire Sophia (Incisa Val d&rsquo;Arno) et l&rsquo;Universit\u00e9 LUMSA (Rome). Diverses agences \u00e9ducatives y collaborent, engag\u00e9es quotidiennement dans la promotion, la valorisation et le soutien d&rsquo;une culture pour l&rsquo;enfance et l&rsquo;adolescence [&hellip;]<\/p>\n","protected":false},"author":32,"featured_media":1603,"parent":0,"menu_order":3,"comment_status":"closed","ping_status":"closed","template":"","meta":[],"yoast_head":"<!-- This site is optimized with the Yoast SEO plugin v15.8 - https:\/\/yoast.com\/wordpress\/plugins\/seo\/ -->\n<title>PROGRAMME | EDUxEDU<\/title>\n<meta name=\"description\" content=\"EDUxEDU \u2013 s\u2019\u00e9duquer pour \u00e9duquer - est un programme international de formation pour les \u00e9ducateurs, promu par le Mouvement des Focolari en partenariat\" \/>\n<meta name=\"robots\" content=\"index, follow, max-snippet:-1, max-image-preview:large, max-video-preview:-1\" \/>\n<link rel=\"canonical\" href=\"https:\/\/eduxedu.focolare.org\/fr\/programme\/\" \/>\n<meta property=\"og:locale\" content=\"fr_FR\" \/>\n<meta property=\"og:type\" content=\"article\" \/>\n<meta property=\"og:title\" content=\"PROGRAMME | EDUxEDU\" \/>\n<meta property=\"og:description\" content=\"EDUxEDU \u2013 s\u2019\u00e9duquer pour \u00e9duquer - est un programme international de formation pour les \u00e9ducateurs, promu par le Mouvement des Focolari en partenariat\" \/>\n<meta property=\"og:url\" content=\"https:\/\/eduxedu.focolare.org\/fr\/programme\/\" \/>\n<meta property=\"og:site_name\" content=\"EDUxEDU\" \/>\n<meta property=\"article:modified_time\" content=\"2020-12-02T10:44:31+00:00\" \/>\n<meta property=\"og:image\" content=\"https:\/\/eduxedu.focolare.org\/wp-content\/uploads\/2019\/05\/progetto.jpg\" \/>\n\t<meta property=\"og:image:width\" content=\"1600\" \/>\n\t<meta property=\"og:image:height\" content=\"655\" \/>\n<meta name=\"twitter:card\" content=\"summary_large_image\" \/>\n<meta name=\"twitter:label1\" content=\"Dur\u00e9e de lecture est.\">\n\t<meta name=\"twitter:data1\" content=\"1 minute\">\n<script type=\"application\/ld+json\" class=\"yoast-schema-graph\">{\"@context\":\"https:\/\/schema.org\",\"@graph\":[{\"@type\":\"Organization\",\"@id\":\"https:\/\/eduxedu.focolare.org\/#organization\",\"name\":\"EDUxEDU\",\"url\":\"https:\/\/eduxedu.focolare.org\/\",\"sameAs\":[],\"logo\":{\"@type\":\"ImageObject\",\"@id\":\"https:\/\/eduxedu.focolare.org\/#logo\",\"inLanguage\":\"fr-FR\",\"url\":\"https:\/\/eduxedu.focolare.org\/wp-content\/uploads\/2019\/05\/logo.png\",\"width\":500,\"height\":152,\"caption\":\"EDUxEDU\"},\"image\":{\"@id\":\"https:\/\/eduxedu.focolare.org\/#logo\"}},{\"@type\":\"WebSite\",\"@id\":\"https:\/\/eduxedu.focolare.org\/#website\",\"url\":\"https:\/\/eduxedu.focolare.org\/\",\"name\":\"EDUxEDU\",\"description\":\"Educarsi per Educare\",\"publisher\":{\"@id\":\"https:\/\/eduxedu.focolare.org\/#organization\"},\"potentialAction\":[{\"@type\":\"SearchAction\",\"target\":\"https:\/\/eduxedu.focolare.org\/?s={search_term_string}\",\"query-input\":\"required name=search_term_string\"}],\"inLanguage\":\"fr-FR\"},{\"@type\":\"ImageObject\",\"@id\":\"https:\/\/eduxedu.focolare.org\/fr\/programme\/#primaryimage\",\"inLanguage\":\"fr-FR\",\"url\":\"https:\/\/eduxedu.focolare.org\/wp-content\/uploads\/2019\/05\/progetto.jpg\",\"width\":1600,\"height\":655},{\"@type\":\"WebPage\",\"@id\":\"https:\/\/eduxedu.focolare.org\/fr\/programme\/#webpage\",\"url\":\"https:\/\/eduxedu.focolare.org\/fr\/programme\/\",\"name\":\"PROGRAMME | EDUxEDU\",\"isPartOf\":{\"@id\":\"https:\/\/eduxedu.focolare.org\/#website\"},\"primaryImageOfPage\":{\"@id\":\"https:\/\/eduxedu.focolare.org\/fr\/programme\/#primaryimage\"},\"datePublished\":\"2020-12-02T10:29:27+00:00\",\"dateModified\":\"2020-12-02T10:44:31+00:00\",\"description\":\"EDUxEDU \\u2013 s\\u2019\\u00e9duquer pour \\u00e9duquer - est un programme international de formation pour les \\u00e9ducateurs, promu par le Mouvement des Focolari en partenariat\",\"breadcrumb\":{\"@id\":\"https:\/\/eduxedu.focolare.org\/fr\/programme\/#breadcrumb\"},\"inLanguage\":\"fr-FR\",\"potentialAction\":[{\"@type\":\"ReadAction\",\"target\":[\"https:\/\/eduxedu.focolare.org\/fr\/programme\/\"]}]},{\"@type\":\"BreadcrumbList\",\"@id\":\"https:\/\/eduxedu.focolare.org\/fr\/programme\/#breadcrumb\",\"itemListElement\":[{\"@type\":\"ListItem\",\"position\":1,\"item\":{\"@type\":\"WebPage\",\"@id\":\"https:\/\/eduxedu.focolare.org\/fr\/\",\"url\":\"https:\/\/eduxedu.focolare.org\/fr\/\",\"name\":\"Home\"}},{\"@type\":\"ListItem\",\"position\":2,\"item\":{\"@type\":\"WebPage\",\"@id\":\"https:\/\/eduxedu.focolare.org\/fr\/programme\/\",\"url\":\"https:\/\/eduxedu.focolare.org\/fr\/programme\/\",\"name\":\"PROGRAMME\"}}]}]}<\/script>\n<!-- \/ Yoast SEO plugin. -->","_links":{"self":[{"href":"https:\/\/eduxedu.focolare.org\/fr\/wp-json\/wp\/v2\/pages\/1602"}],"collection":[{"href":"https:\/\/eduxedu.focolare.org\/fr\/wp-json\/wp\/v2\/pages"}],"about":[{"href":"https:\/\/eduxedu.focolare.org\/fr\/wp-json\/wp\/v2\/types\/page"}],"author":[{"embeddable":true,"href":"https:\/\/eduxedu.focolare.org\/fr\/wp-json\/wp\/v2\/users\/32"}],"replies":[{"embeddable":true,"href":"https:\/\/eduxedu.focolare.org\/fr\/wp-json\/wp\/v2\/comments?post=1602"}],"version-history":[{"count":3,"href":"https:\/\/eduxedu.focolare.org\/fr\/wp-json\/wp\/v2\/pages\/1602\/revisions"}],"predecessor-version":[{"id":1614,"href":"https:\/\/eduxedu.focolare.org\/fr\/wp-json\/wp\/v2\/pages\/1602\/revisions\/1614"}],"wp:featuredmedia":[{"embeddable":true,"href":"https:\/\/eduxedu.focolare.org\/fr\/wp-json\/wp\/v2\/media\/1603"}],"wp:attachment":[{"href":"https:\/\/eduxedu.focolare.org\/fr\/wp-json\/wp\/v2\/media?parent=1602"}],"curies":[{"name":"wp","href":"https:\/\/api.w.org\/{rel}","templated":true}]}}