{"id":1533,"date":"2020-11-24T09:51:58","date_gmt":"2020-11-24T08:51:58","guid":{"rendered":"https:\/\/eduxedu.focolare.org\/?page_id=1533"},"modified":"2020-11-24T10:08:36","modified_gmt":"2020-11-24T09:08:36","slug":"vision-et-mission","status":"publish","type":"page","link":"https:\/\/eduxedu.focolare.org\/fr\/vision-et-mission\/","title":{"rendered":"Vision et mission"},"content":{"rendered":"<p>La proposition p\u00e9dagogique s<strong>&lsquo;<\/strong>inspire du Charisme de l&rsquo;Unit\u00e9 de <a href=\"http:\/\/www.centrochiaralubich.org\/it\/\">Chiara Lubich<\/a>. Le <a href=\"https:\/\/www.focolare.org\/\">Mouvement des Focolari <\/a>qu&rsquo;elle a fond\u00e9 et son histoire peuvent \u00eatre consid\u00e9r\u00e9s \u00ab\u00a0comme un grand \u00e9v\u00e9nement \u00e9ducatif extraordinaire\u00a0\u00bb. Tous les facteurs de l&rsquo;\u00e9ducation sont pr\u00e9sents et la pr\u00e9sence d&rsquo;une th\u00e9orie de l&rsquo;\u00e9ducation est \u00e9galement \u00e9vidente\u00a0\u00bb,<sup>1 <\/sup>d&rsquo;une p\u00e9dagogie qui fonde une nouvelle action \u00e9ducative.<\/p>\n<p>L&rsquo;offre de formation s&rsquo;appuie sur l&rsquo;h\u00e9ritage de plus de cinquante ans d&rsquo;exp\u00e9rience, d&rsquo;initiatives, de projets r\u00e9alis\u00e9s dans le monde entier pour la promotion et l&rsquo;exp\u00e9rimentation aupr\u00e8s des enfants et des jeunes de valeurs telles que la paix, la fraternit\u00e9 universelle, la solidarit\u00e9 envers les plus fragiles.<\/p>\n<p>La mission d&rsquo;EDUxEDU est de promouvoir une nouvelle culture de l&rsquo;enfance et de l&rsquo;adolescence.<\/p>\n<p>Les enfants et les adolescents ne sont pas seulement porteurs de besoins et de fragilit\u00e9, b\u00e9n\u00e9ficiaires passifs de nos actions et initiatives \u00e9ducatives, mais aussi co-constructeurs de relations personnelles qui contribuent \u00e0 plein titre \u00e0 la croissance de la soci\u00e9t\u00e9. Non plus objet d\u2019\u00e9ducation, mais des sujets &#8211; des personnes &#8211; qui, par leur sagesse particuli\u00e8re, leur sensibilit\u00e9, leur cr\u00e9ativit\u00e9, leur protagonisme, sont des membres actifs de la communaut\u00e9 et contribution indispensable au d\u00e9veloppement du territoire dans lequel ils vivent et de l&rsquo;humanit\u00e9.<\/p>\n<p>&nbsp;<\/p>\n<p>Mais quelle id\u00e9e d\u2019\u00e9ducation se cache derri\u00e8re EDUxEDU ?<br \/>\nTrop souvent, \u00e9duquer signifie se limiter \u00e0 remplir la t\u00eate des enfants et des adolescents avec des r\u00e8gles, des notions, comment \u00eatre ou quoi faire, en oubliant le grand et surprenant potentiel qui est d\u00e9j\u00e0 en eux, par lequel ils peuvent eux aussi \u00eatre protagonistes de relations qui \u00e9duquent.<\/p>\n<p>L&rsquo;\u00e9thique du mot \u00e9duquer &#8211; e-ducere &#8211; rappelle plut\u00f4t l&rsquo;art ma\u00efeutique de \u00ab\u00a0faire sortir\u00a0\u00bb, \u00ab\u00a0mettre en lumi\u00e8re\u00a0\u00bb. \u00c9duquer, c&rsquo;est donc accompagner l&rsquo;autre dans sa r\u00e9alisation de soi pleinement et librement, dans sa relation avec les autres. C&rsquo;est le but ultime, la mission, de l&rsquo;\u00e9ducateur.<\/p>\n<p>&nbsp;<\/p>\n","protected":false},"excerpt":{"rendered":"<p>La proposition p\u00e9dagogique s&lsquo;inspire du Charisme de l&rsquo;Unit\u00e9 de Chiara Lubich. Le Mouvement des Focolari qu&rsquo;elle a fond\u00e9 et son histoire peuvent \u00eatre consid\u00e9r\u00e9s \u00ab\u00a0comme un grand \u00e9v\u00e9nement \u00e9ducatif extraordinaire\u00a0\u00bb. Tous les facteurs de l&rsquo;\u00e9ducation sont pr\u00e9sents et la pr\u00e9sence d&rsquo;une th\u00e9orie de l&rsquo;\u00e9ducation est \u00e9galement \u00e9vidente\u00a0\u00bb,1 d&rsquo;une p\u00e9dagogie qui fonde une nouvelle action \u00e9ducative. [&hellip;]<\/p>\n","protected":false},"author":32,"featured_media":1535,"parent":0,"menu_order":2,"comment_status":"closed","ping_status":"closed","template":"","meta":[],"yoast_head":"<!-- This site is optimized with the Yoast SEO plugin v15.8 - https:\/\/yoast.com\/wordpress\/plugins\/seo\/ -->\n<title>Vision et mission | EDUxEDU<\/title>\n<meta name=\"description\" content=\"La proposition p\u00e9dagogique s&#039;inspire du Charisme de l&#039;Unit\u00e9 de Chiara Lubich. Le Mouvement des Focolari qu&#039;elle a fond\u00e9 et son histoire peuvent \u00eatre\" \/>\n<meta name=\"robots\" content=\"index, follow, max-snippet:-1, max-image-preview:large, max-video-preview:-1\" \/>\n<link rel=\"canonical\" href=\"https:\/\/eduxedu.focolare.org\/fr\/vision-et-mission\/\" \/>\n<meta property=\"og:locale\" content=\"fr_FR\" \/>\n<meta property=\"og:type\" content=\"article\" \/>\n<meta property=\"og:title\" content=\"Vision et mission | EDUxEDU\" \/>\n<meta property=\"og:description\" content=\"La proposition p\u00e9dagogique s&#039;inspire du Charisme de l&#039;Unit\u00e9 de Chiara Lubich. Le Mouvement des Focolari qu&#039;elle a fond\u00e9 et son histoire peuvent \u00eatre\" \/>\n<meta property=\"og:url\" content=\"https:\/\/eduxedu.focolare.org\/fr\/vision-et-mission\/\" \/>\n<meta property=\"og:site_name\" content=\"EDUxEDU\" \/>\n<meta property=\"article:modified_time\" content=\"2020-11-24T09:08:36+00:00\" \/>\n<meta property=\"og:image\" content=\"https:\/\/eduxedu.focolare.org\/wp-content\/uploads\/2019\/05\/famiglia-1.jpg\" \/>\n\t<meta property=\"og:image:width\" content=\"1600\" \/>\n\t<meta property=\"og:image:height\" content=\"911\" \/>\n<meta name=\"twitter:card\" content=\"summary_large_image\" \/>\n<meta name=\"twitter:label1\" content=\"Dur\u00e9e de lecture est.\">\n\t<meta name=\"twitter:data1\" content=\"2 minutes\">\n<script type=\"application\/ld+json\" class=\"yoast-schema-graph\">{\"@context\":\"https:\/\/schema.org\",\"@graph\":[{\"@type\":\"Organization\",\"@id\":\"https:\/\/eduxedu.focolare.org\/#organization\",\"name\":\"EDUxEDU\",\"url\":\"https:\/\/eduxedu.focolare.org\/\",\"sameAs\":[],\"logo\":{\"@type\":\"ImageObject\",\"@id\":\"https:\/\/eduxedu.focolare.org\/#logo\",\"inLanguage\":\"fr-FR\",\"url\":\"https:\/\/eduxedu.focolare.org\/wp-content\/uploads\/2019\/05\/logo.png\",\"width\":500,\"height\":152,\"caption\":\"EDUxEDU\"},\"image\":{\"@id\":\"https:\/\/eduxedu.focolare.org\/#logo\"}},{\"@type\":\"WebSite\",\"@id\":\"https:\/\/eduxedu.focolare.org\/#website\",\"url\":\"https:\/\/eduxedu.focolare.org\/\",\"name\":\"EDUxEDU\",\"description\":\"Educarsi per Educare\",\"publisher\":{\"@id\":\"https:\/\/eduxedu.focolare.org\/#organization\"},\"potentialAction\":[{\"@type\":\"SearchAction\",\"target\":\"https:\/\/eduxedu.focolare.org\/?s={search_term_string}\",\"query-input\":\"required name=search_term_string\"}],\"inLanguage\":\"fr-FR\"},{\"@type\":\"ImageObject\",\"@id\":\"https:\/\/eduxedu.focolare.org\/fr\/vision-et-mission\/#primaryimage\",\"inLanguage\":\"fr-FR\",\"url\":\"https:\/\/eduxedu.focolare.org\/wp-content\/uploads\/2019\/05\/famiglia-1.jpg\",\"width\":1600,\"height\":911},{\"@type\":\"WebPage\",\"@id\":\"https:\/\/eduxedu.focolare.org\/fr\/vision-et-mission\/#webpage\",\"url\":\"https:\/\/eduxedu.focolare.org\/fr\/vision-et-mission\/\",\"name\":\"Vision et mission | EDUxEDU\",\"isPartOf\":{\"@id\":\"https:\/\/eduxedu.focolare.org\/#website\"},\"primaryImageOfPage\":{\"@id\":\"https:\/\/eduxedu.focolare.org\/fr\/vision-et-mission\/#primaryimage\"},\"datePublished\":\"2020-11-24T08:51:58+00:00\",\"dateModified\":\"2020-11-24T09:08:36+00:00\",\"description\":\"La proposition p\\u00e9dagogique s'inspire du Charisme de l'Unit\\u00e9 de Chiara Lubich. Le Mouvement des Focolari qu'elle a fond\\u00e9 et son histoire peuvent \\u00eatre\",\"breadcrumb\":{\"@id\":\"https:\/\/eduxedu.focolare.org\/fr\/vision-et-mission\/#breadcrumb\"},\"inLanguage\":\"fr-FR\",\"potentialAction\":[{\"@type\":\"ReadAction\",\"target\":[\"https:\/\/eduxedu.focolare.org\/fr\/vision-et-mission\/\"]}]},{\"@type\":\"BreadcrumbList\",\"@id\":\"https:\/\/eduxedu.focolare.org\/fr\/vision-et-mission\/#breadcrumb\",\"itemListElement\":[{\"@type\":\"ListItem\",\"position\":1,\"item\":{\"@type\":\"WebPage\",\"@id\":\"https:\/\/eduxedu.focolare.org\/fr\/\",\"url\":\"https:\/\/eduxedu.focolare.org\/fr\/\",\"name\":\"Home\"}},{\"@type\":\"ListItem\",\"position\":2,\"item\":{\"@type\":\"WebPage\",\"@id\":\"https:\/\/eduxedu.focolare.org\/fr\/vision-et-mission\/\",\"url\":\"https:\/\/eduxedu.focolare.org\/fr\/vision-et-mission\/\",\"name\":\"Vision et mission\"}}]}]}<\/script>\n<!-- \/ Yoast SEO plugin. -->","_links":{"self":[{"href":"https:\/\/eduxedu.focolare.org\/fr\/wp-json\/wp\/v2\/pages\/1533"}],"collection":[{"href":"https:\/\/eduxedu.focolare.org\/fr\/wp-json\/wp\/v2\/pages"}],"about":[{"href":"https:\/\/eduxedu.focolare.org\/fr\/wp-json\/wp\/v2\/types\/page"}],"author":[{"embeddable":true,"href":"https:\/\/eduxedu.focolare.org\/fr\/wp-json\/wp\/v2\/users\/32"}],"replies":[{"embeddable":true,"href":"https:\/\/eduxedu.focolare.org\/fr\/wp-json\/wp\/v2\/comments?post=1533"}],"version-history":[{"count":4,"href":"https:\/\/eduxedu.focolare.org\/fr\/wp-json\/wp\/v2\/pages\/1533\/revisions"}],"predecessor-version":[{"id":1539,"href":"https:\/\/eduxedu.focolare.org\/fr\/wp-json\/wp\/v2\/pages\/1533\/revisions\/1539"}],"wp:featuredmedia":[{"embeddable":true,"href":"https:\/\/eduxedu.focolare.org\/fr\/wp-json\/wp\/v2\/media\/1535"}],"wp:attachment":[{"href":"https:\/\/eduxedu.focolare.org\/fr\/wp-json\/wp\/v2\/media?parent=1533"}],"curies":[{"name":"wp","href":"https:\/\/api.w.org\/{rel}","templated":true}]}}