{"id":509,"date":"2019-07-08T16:38:40","date_gmt":"2019-07-08T14:38:40","guid":{"rendered":"https:\/\/eduxedu.focolare.org\/?page_id=509"},"modified":"2019-10-23T15:58:54","modified_gmt":"2019-10-23T13:58:54","slug":"el-proyecto","status":"publish","type":"page","link":"https:\/\/eduxedu.focolare.org\/es\/el-proyecto\/","title":{"rendered":"El proyecto"},"content":{"rendered":"<p>EDUxEDU Project \u2013educarse para educar\u2013 es un <strong>\u00a0Proyecto de formaci\u00f3n internacional para educadores<\/strong> promovido por el Movimiento de los Focolares en colaboraci\u00f3n con el Instituto Universitario Sophia (Incisa Val d&#8217;Arno) y la Universidad LUMSA (Roma). Cuenta con la colaboraci\u00f3n de varias agencias educativas dedicadas diariamente a la promoci\u00f3n, valoraci\u00f3n y apoyo de una cultura de la ni\u00f1ez y la adolescencia en diferentes contextos como \u00a0son: la familia, la escuela, la parroquia, el deporte, las realidades asociativas, editoriales, etc.<\/p>\n<p>La creaci\u00f3n de redes es un requisito esencial para acompa\u00f1ar mejor a los ni\u00f1os y adolescentes en su proceso de crecimiento humano y espiritual y el principal impulsor de la propuesta formativa. A trav\u00e9s del proyecto EduxEdu los educadores pueden involucrarse, <strong>\u00a0compartir experiencias e iniciativas educativas. <\/strong><\/p>\n","protected":false},"excerpt":{"rendered":"<p>EDUxEDU Project \u2013educarse para educar\u2013 es un \u00a0Proyecto de formaci\u00f3n internacional para educadores promovido por el Movimiento de los Focolares en colaboraci\u00f3n con el Instituto Universitario Sophia (Incisa Val d&#8217;Arno) y la Universidad LUMSA (Roma). Cuenta con la colaboraci\u00f3n de varias agencias educativas dedicadas diariamente a la promoci\u00f3n, valoraci\u00f3n y apoyo de una cultura de [&hellip;]<\/p>\n","protected":false},"author":2,"featured_media":395,"parent":0,"menu_order":3,"comment_status":"closed","ping_status":"closed","template":"","meta":[],"yoast_head":"<!-- This site is optimized with the Yoast SEO plugin v15.8 - https:\/\/yoast.com\/wordpress\/plugins\/seo\/ -->\n<title>El proyecto | EDUxEDU<\/title>\n<meta name=\"description\" content=\"EDUxEDU Project \u2013educarse para educar\u2013 es un \u00a0Proyecto de formaci\u00f3n internacional para educadores promovido por el Movimiento de los Focolares en\" \/>\n<meta name=\"robots\" content=\"index, follow, max-snippet:-1, max-image-preview:large, max-video-preview:-1\" \/>\n<link rel=\"canonical\" href=\"https:\/\/eduxedu.focolare.org\/es\/el-proyecto\/\" \/>\n<meta property=\"og:locale\" content=\"es_ES\" \/>\n<meta property=\"og:type\" content=\"article\" \/>\n<meta property=\"og:title\" content=\"El proyecto | EDUxEDU\" \/>\n<meta property=\"og:description\" content=\"EDUxEDU Project \u2013educarse para educar\u2013 es un \u00a0Proyecto de formaci\u00f3n internacional para educadores promovido por el Movimiento de los Focolares en\" \/>\n<meta property=\"og:url\" content=\"https:\/\/eduxedu.focolare.org\/es\/el-proyecto\/\" \/>\n<meta property=\"og:site_name\" content=\"EDUxEDU\" \/>\n<meta property=\"article:modified_time\" content=\"2019-10-23T13:58:54+00:00\" \/>\n<meta property=\"og:image\" content=\"https:\/\/eduxedu.focolare.org\/wp-content\/uploads\/2019\/05\/progetto.jpg\" \/>\n\t<meta property=\"og:image:width\" content=\"1600\" \/>\n\t<meta property=\"og:image:height\" content=\"655\" \/>\n<meta name=\"twitter:card\" content=\"summary_large_image\" \/>\n<meta name=\"twitter:label1\" content=\"Tiempo de lectura\">\n\t<meta name=\"twitter:data1\" content=\"1 minuto\">\n<script type=\"application\/ld+json\" class=\"yoast-schema-graph\">{\"@context\":\"https:\/\/schema.org\",\"@graph\":[{\"@type\":\"Organization\",\"@id\":\"https:\/\/eduxedu.focolare.org\/#organization\",\"name\":\"EDUxEDU\",\"url\":\"https:\/\/eduxedu.focolare.org\/\",\"sameAs\":[],\"logo\":{\"@type\":\"ImageObject\",\"@id\":\"https:\/\/eduxedu.focolare.org\/#logo\",\"inLanguage\":\"es\",\"url\":\"https:\/\/eduxedu.focolare.org\/wp-content\/uploads\/2019\/05\/logo.png\",\"width\":500,\"height\":152,\"caption\":\"EDUxEDU\"},\"image\":{\"@id\":\"https:\/\/eduxedu.focolare.org\/#logo\"}},{\"@type\":\"WebSite\",\"@id\":\"https:\/\/eduxedu.focolare.org\/#website\",\"url\":\"https:\/\/eduxedu.focolare.org\/\",\"name\":\"EDUxEDU\",\"description\":\"Educarsi per Educare\",\"publisher\":{\"@id\":\"https:\/\/eduxedu.focolare.org\/#organization\"},\"potentialAction\":[{\"@type\":\"SearchAction\",\"target\":\"https:\/\/eduxedu.focolare.org\/?s={search_term_string}\",\"query-input\":\"required name=search_term_string\"}],\"inLanguage\":\"es\"},{\"@type\":\"ImageObject\",\"@id\":\"https:\/\/eduxedu.focolare.org\/es\/el-proyecto\/#primaryimage\",\"inLanguage\":\"es\",\"url\":\"https:\/\/eduxedu.focolare.org\/wp-content\/uploads\/2019\/05\/progetto.jpg\",\"width\":1600,\"height\":655},{\"@type\":\"WebPage\",\"@id\":\"https:\/\/eduxedu.focolare.org\/es\/el-proyecto\/#webpage\",\"url\":\"https:\/\/eduxedu.focolare.org\/es\/el-proyecto\/\",\"name\":\"El proyecto | EDUxEDU\",\"isPartOf\":{\"@id\":\"https:\/\/eduxedu.focolare.org\/#website\"},\"primaryImageOfPage\":{\"@id\":\"https:\/\/eduxedu.focolare.org\/es\/el-proyecto\/#primaryimage\"},\"datePublished\":\"2019-07-08T14:38:40+00:00\",\"dateModified\":\"2019-10-23T13:58:54+00:00\",\"description\":\"EDUxEDU Project \\u2013educarse para educar\\u2013 es un \\u00a0Proyecto de formaci\\u00f3n internacional para educadores promovido por el Movimiento de los Focolares en\",\"breadcrumb\":{\"@id\":\"https:\/\/eduxedu.focolare.org\/es\/el-proyecto\/#breadcrumb\"},\"inLanguage\":\"es\",\"potentialAction\":[{\"@type\":\"ReadAction\",\"target\":[\"https:\/\/eduxedu.focolare.org\/es\/el-proyecto\/\"]}]},{\"@type\":\"BreadcrumbList\",\"@id\":\"https:\/\/eduxedu.focolare.org\/es\/el-proyecto\/#breadcrumb\",\"itemListElement\":[{\"@type\":\"ListItem\",\"position\":1,\"item\":{\"@type\":\"WebPage\",\"@id\":\"https:\/\/eduxedu.focolare.org\/es\/\",\"url\":\"https:\/\/eduxedu.focolare.org\/es\/\",\"name\":\"Home\"}},{\"@type\":\"ListItem\",\"position\":2,\"item\":{\"@type\":\"WebPage\",\"@id\":\"https:\/\/eduxedu.focolare.org\/es\/el-proyecto\/\",\"url\":\"https:\/\/eduxedu.focolare.org\/es\/el-proyecto\/\",\"name\":\"El proyecto\"}}]}]}<\/script>\n<!-- \/ Yoast SEO plugin. -->","_links":{"self":[{"href":"https:\/\/eduxedu.focolare.org\/es\/wp-json\/wp\/v2\/pages\/509"}],"collection":[{"href":"https:\/\/eduxedu.focolare.org\/es\/wp-json\/wp\/v2\/pages"}],"about":[{"href":"https:\/\/eduxedu.focolare.org\/es\/wp-json\/wp\/v2\/types\/page"}],"author":[{"embeddable":true,"href":"https:\/\/eduxedu.focolare.org\/es\/wp-json\/wp\/v2\/users\/2"}],"replies":[{"embeddable":true,"href":"https:\/\/eduxedu.focolare.org\/es\/wp-json\/wp\/v2\/comments?post=509"}],"version-history":[{"count":3,"href":"https:\/\/eduxedu.focolare.org\/es\/wp-json\/wp\/v2\/pages\/509\/revisions"}],"predecessor-version":[{"id":706,"href":"https:\/\/eduxedu.focolare.org\/es\/wp-json\/wp\/v2\/pages\/509\/revisions\/706"}],"wp:featuredmedia":[{"embeddable":true,"href":"https:\/\/eduxedu.focolare.org\/es\/wp-json\/wp\/v2\/media\/395"}],"wp:attachment":[{"href":"https:\/\/eduxedu.focolare.org\/es\/wp-json\/wp\/v2\/media?parent=509"}],"curies":[{"name":"wp","href":"https:\/\/api.w.org\/{rel}","templated":true}]}}