{"id":507,"date":"2019-07-08T16:36:26","date_gmt":"2019-07-08T14:36:26","guid":{"rendered":"https:\/\/eduxedu.focolare.org\/?page_id=507"},"modified":"2019-07-08T16:36:26","modified_gmt":"2019-07-08T14:36:26","slug":"vision-y-mission","status":"publish","type":"page","link":"https:\/\/eduxedu.focolare.org\/es\/vision-y-mission\/","title":{"rendered":"Vision y Mission"},"content":{"rendered":"<p><strong>La propuesta pedag\u00f3gica<\/strong> se inspira en el Carisma de la Unidad de <a href=\"http:\/\/www.centrochiaralubich.org\/es\/\">Chiara Lubich<\/a>. El <a href=\"https:\/\/www.focolare.org\/es\/\">Movimiento de los Focolares<\/a> fundado por ella y su historia se pueden \u201c<em>considerar como un gran, extraordinario evento educativo. En ellos est\u00e1n presentes todos los factores de la educaci\u00f3n y tambi\u00e9n es evidente la presencia de una teor\u00eda de la educaci\u00f3n<\/em>\u201d<a href=\"#_ftn1\" name=\"_ftnref1\">[1]<\/a> \u00a0de una pedagog\u00eda bien delineada que fundamenta una nueva acci\u00f3n educativa.<\/p>\n<p>&nbsp;<\/p>\n<p>La oferta educativa se basa en el legado de m\u00e1s de cincuenta a\u00f1os de experiencias, iniciativas, proyectos implementados en todo el mundo para la promoci\u00f3n y experimentaci\u00f3n entre ni\u00f1os y adolescentes de valores como la paz, la fraternidad universal, la solidaridad hacia los m\u00e1s fr\u00e1giles.<\/p>\n<p><strong>La misi\u00f3n del proyecto EDUxEDU es promover una nueva cultura de la ni\u00f1ez y la adolescencia.<\/strong><\/p>\n<p>Los ni\u00f1os y los adolescentes no solo son portadores de necesidades y fragilidades, receptores pasivos de nuestros actos e iniciativas educativas, sino tambi\u00e9n co-constructores de relaciones personales que contribuyen de hecho al crecimiento de la sociedad. Por lo tanto, ya no son el objeto de la educaci\u00f3n, sino los sujetos, personas que, a trav\u00e9s de su sabidur\u00eda, sensibilidad, creatividad y protagonismo particulares, son miembros activos de la comunidad y dan una contribuci\u00f3n indispensable para el desarrollo del territorio en el que viven y de la humanidad.<\/p>\n<p><strong>Pero, \u00bfqu\u00e9 idea de educaci\u00f3n subyace en el proyecto EDUxEDU?<\/strong><br \/>\nCon demasiada frecuencia, educar significa limitarse a llenar las cabezas de ni\u00f1os y adolescentes con reglas, nociones, de c\u00f3mo hay que ser o qu\u00e9 hay que hacer, olvidando el gran y sorprendente potencial que ya existe en ellos, a trav\u00e9s del cual ellos tambi\u00e9n pueden ser protagonistas \u00a0de relaciones que educan.<\/p>\n<p>La \u00e9tica de las palabra educare \u2013 e-ducere \u2013recuerda en efecto el arte may\u00e9utico de \u00bb extraer\u00bb, \u00absacar a la luz\u00bb. Por lo tanto, educar significa acompa\u00f1ar al otro en la realizaci\u00f3n plena y libre de s\u00ed mismo, en la relaci\u00f3n con los dem\u00e1s. Aqu\u00ed est\u00e1 el objetivo final, la misi\u00f3n, del educador.<\/p>\n<p>&nbsp;<\/p>\n<p><a href=\"#_ftnref1\" name=\"_ftn1\">[1]<\/a> Chiara Lubich, Washington, 10 de noviembre de 2000, Conferencia a Chiara L. del Doctorado honoris causa en Pedagog\u00eda de la Universidad Cat\u00f3lica de Am\u00e9rica (http:\/\/www.centrochiaralubich.org\/it\/documenti\/video\/2037-il- carisma-of-the-Estados-y-pedagogia.html)<\/p>\n","protected":false},"excerpt":{"rendered":"<p>La propuesta pedag\u00f3gica se inspira en el Carisma de la Unidad de Chiara Lubich. El Movimiento de los Focolares fundado por ella y su historia se pueden \u201cconsiderar como un gran, extraordinario evento educativo. En ellos est\u00e1n presentes todos los factores de la educaci\u00f3n y tambi\u00e9n es evidente la presencia de una teor\u00eda de la [&hellip;]<\/p>\n","protected":false},"author":2,"featured_media":392,"parent":0,"menu_order":2,"comment_status":"closed","ping_status":"closed","template":"","meta":[],"yoast_head":"<!-- This site is optimized with the Yoast SEO plugin v15.8 - https:\/\/yoast.com\/wordpress\/plugins\/seo\/ -->\n<title>Vision y Mission | EDUxEDU<\/title>\n<meta name=\"description\" content=\"La propuesta pedag\u00f3gica se inspira en el Carisma de la Unidad de Chiara Lubich. El Movimiento de los Focolares fundado por ella y su historia se pueden\" \/>\n<meta name=\"robots\" content=\"index, follow, max-snippet:-1, max-image-preview:large, max-video-preview:-1\" \/>\n<link rel=\"canonical\" href=\"https:\/\/eduxedu.focolare.org\/es\/vision-y-mission\/\" \/>\n<meta property=\"og:locale\" content=\"es_ES\" \/>\n<meta property=\"og:type\" content=\"article\" \/>\n<meta property=\"og:title\" content=\"Vision y Mission | EDUxEDU\" \/>\n<meta property=\"og:description\" content=\"La propuesta pedag\u00f3gica se inspira en el Carisma de la Unidad de Chiara Lubich. El Movimiento de los Focolares fundado por ella y su historia se pueden\" \/>\n<meta property=\"og:url\" content=\"https:\/\/eduxedu.focolare.org\/es\/vision-y-mission\/\" \/>\n<meta property=\"og:site_name\" content=\"EDUxEDU\" \/>\n<meta property=\"og:image\" content=\"https:\/\/eduxedu.focolare.org\/wp-content\/uploads\/2019\/05\/famiglia-1.jpg\" \/>\n\t<meta property=\"og:image:width\" content=\"1600\" \/>\n\t<meta property=\"og:image:height\" content=\"911\" \/>\n<meta name=\"twitter:card\" content=\"summary_large_image\" \/>\n<meta name=\"twitter:label1\" content=\"Tiempo de lectura\">\n\t<meta name=\"twitter:data1\" content=\"2 minutos\">\n<script type=\"application\/ld+json\" class=\"yoast-schema-graph\">{\"@context\":\"https:\/\/schema.org\",\"@graph\":[{\"@type\":\"Organization\",\"@id\":\"https:\/\/eduxedu.focolare.org\/#organization\",\"name\":\"EDUxEDU\",\"url\":\"https:\/\/eduxedu.focolare.org\/\",\"sameAs\":[],\"logo\":{\"@type\":\"ImageObject\",\"@id\":\"https:\/\/eduxedu.focolare.org\/#logo\",\"inLanguage\":\"es\",\"url\":\"https:\/\/eduxedu.focolare.org\/wp-content\/uploads\/2019\/05\/logo.png\",\"width\":500,\"height\":152,\"caption\":\"EDUxEDU\"},\"image\":{\"@id\":\"https:\/\/eduxedu.focolare.org\/#logo\"}},{\"@type\":\"WebSite\",\"@id\":\"https:\/\/eduxedu.focolare.org\/#website\",\"url\":\"https:\/\/eduxedu.focolare.org\/\",\"name\":\"EDUxEDU\",\"description\":\"Educarsi per Educare\",\"publisher\":{\"@id\":\"https:\/\/eduxedu.focolare.org\/#organization\"},\"potentialAction\":[{\"@type\":\"SearchAction\",\"target\":\"https:\/\/eduxedu.focolare.org\/?s={search_term_string}\",\"query-input\":\"required name=search_term_string\"}],\"inLanguage\":\"es\"},{\"@type\":\"ImageObject\",\"@id\":\"https:\/\/eduxedu.focolare.org\/es\/vision-y-mission\/#primaryimage\",\"inLanguage\":\"es\",\"url\":\"https:\/\/eduxedu.focolare.org\/wp-content\/uploads\/2019\/05\/famiglia-1.jpg\",\"width\":1600,\"height\":911},{\"@type\":\"WebPage\",\"@id\":\"https:\/\/eduxedu.focolare.org\/es\/vision-y-mission\/#webpage\",\"url\":\"https:\/\/eduxedu.focolare.org\/es\/vision-y-mission\/\",\"name\":\"Vision y Mission | EDUxEDU\",\"isPartOf\":{\"@id\":\"https:\/\/eduxedu.focolare.org\/#website\"},\"primaryImageOfPage\":{\"@id\":\"https:\/\/eduxedu.focolare.org\/es\/vision-y-mission\/#primaryimage\"},\"datePublished\":\"2019-07-08T14:36:26+00:00\",\"dateModified\":\"2019-07-08T14:36:26+00:00\",\"description\":\"La propuesta pedag\\u00f3gica se inspira en el Carisma de la Unidad de Chiara Lubich. El Movimiento de los Focolares fundado por ella y su historia se pueden\",\"breadcrumb\":{\"@id\":\"https:\/\/eduxedu.focolare.org\/es\/vision-y-mission\/#breadcrumb\"},\"inLanguage\":\"es\",\"potentialAction\":[{\"@type\":\"ReadAction\",\"target\":[\"https:\/\/eduxedu.focolare.org\/es\/vision-y-mission\/\"]}]},{\"@type\":\"BreadcrumbList\",\"@id\":\"https:\/\/eduxedu.focolare.org\/es\/vision-y-mission\/#breadcrumb\",\"itemListElement\":[{\"@type\":\"ListItem\",\"position\":1,\"item\":{\"@type\":\"WebPage\",\"@id\":\"https:\/\/eduxedu.focolare.org\/es\/\",\"url\":\"https:\/\/eduxedu.focolare.org\/es\/\",\"name\":\"Home\"}},{\"@type\":\"ListItem\",\"position\":2,\"item\":{\"@type\":\"WebPage\",\"@id\":\"https:\/\/eduxedu.focolare.org\/es\/vision-y-mission\/\",\"url\":\"https:\/\/eduxedu.focolare.org\/es\/vision-y-mission\/\",\"name\":\"Vision y Mission\"}}]}]}<\/script>\n<!-- \/ Yoast SEO plugin. -->","_links":{"self":[{"href":"https:\/\/eduxedu.focolare.org\/es\/wp-json\/wp\/v2\/pages\/507"}],"collection":[{"href":"https:\/\/eduxedu.focolare.org\/es\/wp-json\/wp\/v2\/pages"}],"about":[{"href":"https:\/\/eduxedu.focolare.org\/es\/wp-json\/wp\/v2\/types\/page"}],"author":[{"embeddable":true,"href":"https:\/\/eduxedu.focolare.org\/es\/wp-json\/wp\/v2\/users\/2"}],"replies":[{"embeddable":true,"href":"https:\/\/eduxedu.focolare.org\/es\/wp-json\/wp\/v2\/comments?post=507"}],"version-history":[{"count":1,"href":"https:\/\/eduxedu.focolare.org\/es\/wp-json\/wp\/v2\/pages\/507\/revisions"}],"predecessor-version":[{"id":508,"href":"https:\/\/eduxedu.focolare.org\/es\/wp-json\/wp\/v2\/pages\/507\/revisions\/508"}],"wp:featuredmedia":[{"embeddable":true,"href":"https:\/\/eduxedu.focolare.org\/es\/wp-json\/wp\/v2\/media\/392"}],"wp:attachment":[{"href":"https:\/\/eduxedu.focolare.org\/es\/wp-json\/wp\/v2\/media?parent=507"}],"curies":[{"name":"wp","href":"https:\/\/api.w.org\/{rel}","templated":true}]}}